{"id":15,"date":"2021-06-14T14:13:15","date_gmt":"2021-06-14T12:13:15","guid":{"rendered":"https:\/\/simonfluri.com\/?page_id=15"},"modified":"2026-01-14T00:06:52","modified_gmt":"2026-01-13T23:06:52","slug":"repertoire","status":"publish","type":"page","link":"https:\/\/simonfluri.com\/en\/repertoire\/","title":{"rendered":"Repertoire"},"content":{"rendered":"\n<div class=\"wp-block-columns is-layout-flex wp-container-core-columns-is-layout-28f84493 wp-block-columns-is-layout-flex\">\n<div class=\"wp-block-column is-layout-flow wp-block-column-is-layout-flow\">\n<div style=\"height:1px\" aria-hidden=\"true\" class=\"wp-block-spacer\"><\/div>\n\n\n\n<h2 class=\"wp-block-heading\" style=\"font-size:clamp(14.642px, 0.915rem + ((1vw - 3.2px) * 0.651), 22px);px\">Saxophone and orchestra<\/h2>\n\n\n\n<p>Alexander Glasunov &#8211; <em>Concerto<\/em><br>Claude Debussy &#8211; <em>Rhapsodie<\/em><br>Darius Milhaud &#8211; <em>Scaramouche<\/em><br>Fernande Decruck &#8211; <em>Sonate<\/em><br>Florent Schmitt &#8211; <em>L\u00e9gende<\/em><br>Frank Martin &#8211; <em>Ballade<\/em><br>Franz Waxman &#8211; <em>A Place in the Sun<\/em><br>Henri Tomasi &#8211; <em>Ballade<\/em><br>Ingolf Dahl &#8211; <em>Concerto<\/em><br>Jacques Ibert &#8211; <em>Concertino da Camera<\/em><br>Jean-Denis Michat &#8211; <em>Shams Concerto<\/em><br>Lars-Erik Larsson &#8211; <em>Konsert<\/em><br>Olli Virtaperko &#8211; <em>Multikolor<\/em><br>Paul Bonneau &#8211; <em>Concerto<\/em><br>Paule Maurice &#8211; <em>Tableaux de Provence<\/em><br>Pierre-Max Dubois &#8211; <em>Concerto<\/em><br>Pierre-Philippe Bauzin &#8211; <em>Po\u00eame<\/em><br>Roberto Molinelli &#8211; <em>Four Pictures of New York<\/em><\/p>\n<\/div>\n\n\n\n<div class=\"wp-block-column is-layout-flow wp-block-column-is-layout-flow\">\n<div style=\"height:39px\" aria-hidden=\"true\" class=\"wp-block-spacer\"><\/div>\n\n\n\n<figure class=\"wp-block-image size-full\"><img decoding=\"async\" src=\"https:\/\/simonfluri.com\/wp-content\/uploads\/2023\/12\/Simon_DSC02437_WEB.jpg\" alt=\"\" class=\"wp-image-1264\"\/><\/figure>\n<\/div>\n<\/div>\n\n\n\n<div class=\"wp-block-columns is-layout-flex wp-container-core-columns-is-layout-28f84493 wp-block-columns-is-layout-flex\">\n<div class=\"wp-block-column is-layout-flow wp-block-column-is-layout-flow\">\n<div style=\"height:1px\" aria-hidden=\"true\" class=\"wp-block-spacer\"><\/div>\n\n\n\n<h2 class=\"wp-block-heading\" style=\"font-size:clamp(14.642px, 0.915rem + ((1vw - 3.2px) * 0.651), 22px);px\">Saxophone and piano<\/h2>\n\n\n\n<p>Alfred Desenclos &#8211; <em>Pr\u00e9lude, Cadence et Finale<\/em><br>Andr\u00e9 Jolivet &#8211; <em>Fantaisie-Impromptu<\/em><br>Andr\u00e9 Caplet &#8211; <em>Impressions d&#8217;automne<\/em><br>Arvo P\u00e4rt &#8211; <em>Spiegel im Spiegel<\/em><br>Astor Piazzolla &#8211; <em>Histoire du Tango<\/em><br>Benedetto Marcello &#8211; <em>Oboen Konzert<\/em><br>Bernhard Heiden &#8211; <em>Sonata<\/em><br>Bohuslav Martin\u016f &#8211; <em>Sonatina pour clarinette<\/em><br>C\u00e9sar Franck &#8211; <em>Sonate pour violin<\/em><br>Charles Koechlin &#8211;<em> Etude<\/em>s<br>Claude Pascal &#8211; <em>Sonatine<\/em><br>Daniel Schnyder &#8211; <em>Sonate<\/em><br>Darius Milhaud &#8211; <em>Scaramouch<\/em>e<br>Edinson Denisov &#8211; <em>Sonate<\/em><br>Erwin Schulhoff &#8211; <em>Hot-Sonata<\/em><br>Felix Mendelssohn Bartholdy &#8211; <em>Sonate f\u00fcr Violoncell,op. 45<\/em><br>Fernande Decruck &#8211; <em>Sonate<\/em><br>Francis Poulenc &#8211; <em>Sonate pour hautbois<\/em><br>Florent Schmitt &#8211; <em>L\u00e9gende<\/em><br><br><\/p>\n<\/div>\n\n\n\n<div class=\"wp-block-column is-layout-flow wp-block-column-is-layout-flow\">\n<div style=\"height:80px\" aria-hidden=\"true\" class=\"wp-block-spacer\"><\/div>\n\n\n\n<p>Gregory Wanamaker &#8211; <em>Sonata Deus Sax Machina<\/em><br>Henri Sauguet &#8211;<em>Sonatine Bucolique<\/em><br>Henri Tomasi &#8211; <em>Ballade<\/em><br>Ida Gotkovsky &#8211; <em>Brillance<\/em><br>Ida Gotkovsky &#8211; <em>Variations Path\u00e9tiques<\/em><br>Johannes Brahms &#8211; <em>Sonate, op. 120 nr. 1<\/em><br>Johannes Brahms &#8211; <em>Sonate, op. 120 nr. 2<\/em><br>Jules Demersseman &#8211; <em>Fantaisie sur un th\u00e8me original<\/em><br>Kevin Juillerat &#8211; <em>L\u2019\u00e9tang du patriarche<\/em><br>Paul Creston &#8211; <em>Sonata<\/em><br>Paul Hindemith &#8211; <em>Sonate f\u00fcr Bratsche, op. 11 Nr. 4<\/em><br>Paule Maurice &#8211; <em>Tableaux de Provence<\/em><br>Pedro Iturralde &#8211; <em>Peque\u00f1a czarda<\/em><br>Piet Swerts &#8211; <em>Klonos<\/em><br>Robert Muczynski &#8211; <em>Sonata<\/em><br>Robert Schumann &#8211; <em>Adagio und Allegro, op. 70<\/em><br>Robert Schumann &#8211; <em>Drei Romanzen, op. 94<\/em><br>Simon Fluri &#8211; <em>Solitude<\/em><br>Tuomas Turriago &#8211; <em>Gravity Groove Sonata<\/em><br>William Albright &#8211; <em>Sonata<\/em><\/p>\n<\/div>\n<\/div>\n\n\n\n<div class=\"wp-block-columns is-layout-flex wp-container-core-columns-is-layout-28f84493 wp-block-columns-is-layout-flex\">\n<div class=\"wp-block-column is-layout-flow wp-block-column-is-layout-flow\">\n<div style=\"height:38px\" aria-hidden=\"true\" class=\"wp-block-spacer\"><\/div>\n\n\n\n<figure class=\"wp-block-image size-full\"><img decoding=\"async\" src=\"https:\/\/simonfluri.com\/wp-content\/uploads\/2023\/12\/Simon_DSC02413_WEB.jpg\" alt=\"\" class=\"wp-image-1261\"\/><\/figure>\n<\/div>\n\n\n\n<div class=\"wp-block-column is-layout-flow wp-block-column-is-layout-flow\">\n<div style=\"height:1px\" aria-hidden=\"true\" class=\"wp-block-spacer\"><\/div>\n\n\n\n<h2 class=\"wp-block-heading\" style=\"font-size:clamp(14.642px, 0.915rem + ((1vw - 3.2px) * 0.651), 22px);px\">Saxophone solo<\/h2>\n\n\n\n<p>Alain Voirpy &#8211; <em>Motum V<\/em><br>Alberto Posadas &#8211; <em>Fragmentos Fracturados<\/em><br>Alvils Altmanis \u2013 <em>Valse Fantasia<\/em><br>Claude Debussy &#8211; <em>Syrinx<\/em><br>Georg Philipp Telemann &#8211; <em>Fantasien<\/em><br>Giacinto Scelsi \u2013 <em>Tre Pezzi<\/em><br>Janine Rueff &#8211; <em>Sonate<\/em><br>Joan Jordi Oliver \u2013 <em>Breathe<\/em><br>Johann Sebastian Bach &#8211; <em>Cello Suiten 1, 2 &#038; 4<\/em><br>Luciano Berio &#8211; <em>Sequenza IXb<\/em><br>Niklaus A. Huber &#8211; <em>Aus Schmerz und Trauer<\/em><br>Paul Bonneau &#8211; <em>Caprice en forme de valse<\/em><br>Philippe Racine &#8211; <em>\u00c0 Corps Perdu<\/em><br>Ryo Noda &#8211; <em>Ma\u00ef<\/em><br>Steve Reich \u2013 <em>New York Counterpoint<\/em><br>Thierry P\u00e9cou &#8211; <em>Perroquets d&#8217;Azur<\/em><\/p>\n<\/div>\n<\/div>\n\n\n\n<div class=\"wp-block-columns is-layout-flex wp-container-core-columns-is-layout-28f84493 wp-block-columns-is-layout-flex\">\n<div class=\"wp-block-column is-layout-flow wp-block-column-is-layout-flow\">\n<div style=\"height:1px\" aria-hidden=\"true\" class=\"wp-block-spacer\"><\/div>\n\n\n\n<h2 class=\"wp-block-heading\" style=\"font-size:clamp(14.642px, 0.915rem + ((1vw - 3.2px) * 0.651), 22px);px\">Chamber music without piano (selection)<\/h2>\n\n\n\n<p>Alexander Borodin &#8211; <em>Quartett Nr. 2<\/em><br>Alexander Glasunov &#8211; <em>Quartett<\/em><br>Alfred Desenclos &#8211; <em>Quatuor<\/em><br>Daniel Schnyder &#8211; <em>Saxophonquartett<\/em><br>David Maslanka \u2013 <em>Mountain Roads<\/em><br>Edvard Grieg \u2013 <em>Aus Holbergs Zeit<\/em><br>Erwan Borek &#8211; <em>Atmosph\u00e8re attentif<\/em><br>Eug\u00e8ne Bozza &#8211; <em>Andante et Scherzo<\/em><br>Felix Mendelssohn-Bartholdy \u2013 <em>Capriccio, op. 81<\/em><br>Florent Schmitt &#8211; <em>Quatuor<\/em><br>Gabriel Piern\u00e9 &#8211; <em>Introduction et Variations<\/em><br>Guillermo Lago &#8211; <em>Cuidades<\/em><br>Iannis Xenakis &#8211;<em>Xas<\/em><br>Ida Gotkovsky &#8211; <em>Quartet<\/em><br>Jacob Ter Veldhuis- <em>Postnuclear Winterscenario No. 10<\/em><br>Jean-Baptiste Robin \u2013<em> Pulse<\/em><br>Jean-Baptiste Singl\u00e9e &#8211; <em>Premier Quatuor<\/em><br>Johann Sebastian Bach &#8211; <em>Concerto Italien<\/em><br>Johann Sebastian Bach &#8211; <em>Fugen und Chor\u00e4le<\/em><br>Jean Rivier &#8211; <em>Grave et Presto<\/em><br>Leonard Bernstein \u2013 <em>Westside Story<\/em><br>Patrice Sciortino &#8211; <em>Dance Paienne<\/em><br>Paul Reade \u2013 <em>Saxophone Quartet<\/em><br>Peter E\u00f6tv\u00f6s &#8211; <em>Lectures diff\u00e9rentes<\/em><br>Phillip Geiss &#8211; <em>Patchwork<\/em><br>Philip Glass &#8211; <em>Mishima<\/em><br>Philip Glass &#8211; <em>Saxophone Quartet<\/em><br>Salvatore Scarrino &#8211; <em>Pagine<\/em><br>Thierry Escaich &#8211; <em>Tango Virtuoso<\/em><\/p>\n<\/div>\n\n\n\n<div class=\"wp-block-column is-layout-flow wp-block-column-is-layout-flow\">\n<div style=\"height:109px\" aria-hidden=\"true\" class=\"wp-block-spacer\"><\/div>\n\n\n\n<p>Felix Mendelssohn-Bartholdy &#8211; <em>Trio<\/em><br>Francis Poulenc &#8211; <em>Trio<\/em><br>Mikhail Glinka &#8211; <em>Trio Path\u00e9tique<\/em><\/p>\n\n\n\n<p>Alex Mincek &#8211; <em>Karate<\/em><br>Barry Cockroft &#8211; <em>Slap me<\/em><br>Christian Lauba \u2013 <em>Ars<\/em><br>David Biedenbender &#8211; <em>Staying the night<\/em><br>Friedrich Kuhlau &#8211; <em>3 Grand Duos Concertants<\/em><br>Georg Philipp Telemann \u2013 <em>Canonic Sonata 1, 2 &#038; 3<\/em><br>Karlheinz Stockhausen &#8211; <em>Knabenduet<\/em><br>Lee Hyla &#8211; <em>We speak Estruscan<\/em><br>Marc Mellits \u2013 <em>Black<\/em><br>Nu\u00f1o Fern\u00e1ndez Ezquerra \u2013 <em>De un nuevo Albor<\/em><br>Sofia Gubaidulina &#8211; <em>Duo-Sonata<\/em><br>Witold Lutos\u0142awski \u2013 <em>Dance Preludes<\/em><br>Wojciech Cha\u0142upka \u2013 <em>The Poem of the Night<\/em><\/p>\n\n\n\n<p>Gy\u00f6rgy Ligeti &#8211; <em>Six Bagatelles<\/em><br>Jacques Ibert &#8211; <em>Trois pieces br\u00e8ves<\/em><\/p>\n\n\n\n<p>Maurice Ravel &#8211; <em>Le Tombeau de Couperin<\/em><br>Frederic Rzweski &#8211; <em>Reeds<\/em><br>Becky Turro &#8211; <em>Thaw<\/em><\/p>\n\n\n\n<p>Heinz Holliger &#8211; <em>Kreis<\/em><br>James Tenney &#8211; <em>In a large, open space<\/em><\/p>\n<\/div>\n<\/div>\n\n\n\n<div style=\"height:30px\" aria-hidden=\"true\" class=\"wp-block-spacer\"><\/div>\n","protected":false},"excerpt":{"rendered":"<p>Saxophone and orchestra Alexander Glasunov &#8211; ConcertoClaude Debussy &#8211; RhapsodieDarius Milhaud &#8211; ScaramoucheFernande Decruck &#8211; SonateFlorent Schmitt &#8211; L\u00e9gendeFrank Martin &#8211; BalladeFranz Waxman &#8211; A Place in the SunHenri Tomasi &hellip; <\/p>\n<p class=\"link-more\"><a href=\"https:\/\/simonfluri.com\/en\/repertoire\/\" class=\"more-link\">Read more<span class=\"screen-reader-text\"> &#8220;Repertoire&#8221;<\/span><\/a><\/p>\n","protected":false},"author":1,"featured_media":0,"parent":0,"menu_order":7,"comment_status":"closed","ping_status":"closed","template":"","meta":{"_EventAllDay":false,"_EventTimezone":"","_EventStartDate":"","_EventEndDate":"","_EventStartDateUTC":"","_EventEndDateUTC":"","_EventShowMap":false,"_EventShowMapLink":false,"_EventURL":"","_EventCost":"","_EventCostDescription":"","_EventCurrencySymbol":"","_EventCurrencyCode":"","_EventCurrencyPosition":"","_EventDateTimeSeparator":"","_EventTimeRangeSeparator":"","_EventOrganizerID":[],"_EventVenueID":[],"_OrganizerEmail":"","_OrganizerPhone":"","_OrganizerWebsite":"","_VenueAddress":"","_VenueCity":"","_VenueCountry":"","_VenueProvince":"","_VenueState":"","_VenueZip":"","_VenuePhone":"","_VenueURL":"","_VenueStateProvince":"","_VenueLat":"","_VenueLng":"","_VenueShowMap":false,"_VenueShowMapLink":false,"inspiro_hide_title":false,"footnotes":""},"class_list":["post-15","page","type-page","status-publish","hentry"],"_links":{"self":[{"href":"https:\/\/simonfluri.com\/en\/wp-json\/wp\/v2\/pages\/15","targetHints":{"allow":["GET"]}}],"collection":[{"href":"https:\/\/simonfluri.com\/en\/wp-json\/wp\/v2\/pages"}],"about":[{"href":"https:\/\/simonfluri.com\/en\/wp-json\/wp\/v2\/types\/page"}],"author":[{"embeddable":true,"href":"https:\/\/simonfluri.com\/en\/wp-json\/wp\/v2\/users\/1"}],"replies":[{"embeddable":true,"href":"https:\/\/simonfluri.com\/en\/wp-json\/wp\/v2\/comments?post=15"}],"version-history":[{"count":81,"href":"https:\/\/simonfluri.com\/en\/wp-json\/wp\/v2\/pages\/15\/revisions"}],"predecessor-version":[{"id":1907,"href":"https:\/\/simonfluri.com\/en\/wp-json\/wp\/v2\/pages\/15\/revisions\/1907"}],"wp:attachment":[{"href":"https:\/\/simonfluri.com\/en\/wp-json\/wp\/v2\/media?parent=15"}],"curies":[{"name":"wp","href":"https:\/\/api.w.org\/{rel}","templated":true}]}}